{"id":2785,"date":"2019-07-10T21:30:41","date_gmt":"2019-07-10T19:30:41","guid":{"rendered":"https:\/\/pluecom.de\/branchen\/energie\/"},"modified":"2022-07-13T16:25:29","modified_gmt":"2022-07-13T14:25:29","slug":"energy","status":"publish","type":"page","link":"https:\/\/pluecom.de\/en\/industries\/energy\/","title":{"rendered":"Energy"},"content":{"rendered":"<div class=\"wpb-content-wrapper\"><p>[vc_row full_width=&#8221;stretch_row&#8221; full_height=&#8221;yes&#8221; columns_placement=&#8221;bottom&#8221; content_placement=&#8221;bottom&#8221; css=&#8221;.vc_custom_1657722324003{background-image: url(https:\/\/pluecom.de\/wp-content\/uploads\/2019\/10\/Energie-e1570736100836.jpg?id=2537) !important;background-position: center !important;background-repeat: no-repeat !important;background-size: cover !important;}&#8221;][vc_column offset=&#8221;vc_hidden-md vc_hidden-sm vc_hidden-xs&#8221;][vc_column_text css=&#8221;.vc_custom_1585645730942{margin-bottom: -40px !important;}&#8221;]<\/p>\n<h1>Energy<\/h1>\n<p>[\/vc_column_text][vc_column_text]<\/p>\n<h2><\/h2>\n<h2><strong>Energy is getting greener. The market is changing. Those communicating today will become thought leaders of tomorrow.<\/strong><\/h2>\n<p>[\/vc_column_text][\/vc_column][vc_column offset=&#8221;vc_hidden-lg vc_hidden-xs&#8221;][vc_column_text css=&#8221;.vc_custom_1585645735257{margin-top: -10px !important;}&#8221;]<\/p>\n<h1>Energy<\/h1>\n<p>[\/vc_column_text][vc_column_text css=&#8221;.vc_custom_1586955895236{margin-bottom: 50px !important;}&#8221;]<\/p>\n<h2><\/h2>\n<h2><strong>Energy is getting greener. The market is changing. Those communicating today will become thought leaders of tomorrow.<\/strong><\/h2>\n<p>[\/vc_column_text][\/vc_column][vc_column offset=&#8221;vc_hidden-lg vc_hidden-md vc_hidden-sm&#8221;][vc_column_text]<\/p>\n<h1>Energy<\/h1>\n<p>[\/vc_column_text][vc_column_text css=&#8221;.vc_custom_1586955906365{margin-top: -10px !important;}&#8221;]<\/p>\n<h2><\/h2>\n<h2><strong>Energy is getting greener. The market is changing. Those communicating today will become thought leaders of tomorrow.<\/strong><\/h2>\n<p>[\/vc_column_text][\/vc_column][\/vc_row][vc_row][vc_column offset=&#8221;vc_hidden-sm&#8221;][vc_column_text]<\/p>\n<div class=\"wpb_text_column wpb_content_element \">\n<div class=\"wpb_wrapper\">\n<h3><strong>Advancing the energy turnaround<\/strong><\/h3>\n<p>The energy transition is one of the greatest challenges of our time and poses completely new technological and systemic demands. The increase in networking and flexibilisation of different forms of energy is opening up opportunities for new and old market players to help shape the future of the industry with innovative services. Both start-up-companies as well as technology giants are using their know-how and strength to drive forward the sector coupling and the disruption of established structures.<\/p>\n<p>However, the transformation from consumer to creator in the energy sector also brings with it a new dimension of interactivity that must be reflected in communications. Whether power generation, heat or mobility: we support your company and make sure you are permanently perceived as a thought leader and forward-looking solution provider in a rapidly changing market environment.<\/p>\n<\/div>\n<\/div>\n<p>[\/vc_column_text][\/vc_column][\/vc_row][vc_row][vc_column offset=&#8221;vc_hidden-lg vc_hidden-md vc_hidden-xs&#8221;][vc_column_text]<\/p>\n<div class=\"wpb_text_column wpb_content_element \">\n<div class=\"wpb_wrapper\">\n<h3><strong>Advancing the energy turnaround<\/strong><\/h3>\n<p>The energy transition is one of the greatest challenges of our time and poses completely new technological and systemic demands. The increase in networking and flexibilisation of different forms of energy is opening up opportunities for new and old market players to help shape the future of the industry with innovative services. Both start-up-companies as well as technology giants are using their know-how and strength to drive forward the sector coupling and the disruption of established structures.<\/p>\n<p>However, the transformation from consumer to creator in the energy sector also brings with it a new dimension of interactivity that must be reflected in communications. Whether power generation, heat or mobility: we support your company and make sure you are permanently perceived as a thought leader and forward-looking solution provider in a rapidly changing market environment.<\/p>\n<\/div>\n<\/div>\n<p>[\/vc_column_text][\/vc_column][\/vc_row]<\/p>\n<\/div>","protected":false},"excerpt":{"rendered":"<p>[vc_row full_width=&#8221;stretch_row&#8221; full_height=&#8221;yes&#8221; columns_placement=&#8221;bottom&#8221; content_placement=&#8221;bottom&#8221; css=&#8221;.vc_custom_1657722324003{background-image: url(https:\/\/pluecom.de\/wp-content\/uploads\/2019\/10\/Energie-e1570736100836.jpg?id=2537) !important;background-position: center !important;background-repeat: no-repeat !important;background-size: cover !important;}&#8221;][vc_column offset=&#8221;vc_hidden-md vc_hidden-sm vc_hidden-xs&#8221;][vc_column_text css=&#8221;.vc_custom_1585645730942{margin-bottom: -40px !important;}&#8221;]&#8230;<\/p>\n","protected":false},"author":6,"featured_media":0,"parent":2776,"menu_order":3,"comment_status":"closed","ping_status":"closed","template":"","meta":{"footnotes":"","_links_to":"","_links_to_target":""},"class_list":["post-2785","page","type-page","status-publish"],"yoast_head":"<!-- This site is optimized with the Yoast SEO Premium plugin v23.6 (Yoast SEO v27.1.1) - https:\/\/yoast.com\/product\/yoast-seo-premium-wordpress\/ -->\n<title>Energy &#8211; PL\u00dcCOM<\/title>\n<meta name=\"description\" content=\"PL\u00dcCOM unterst\u00fctzt Sie dabei, die Herausforderungen der Energiewende zu meistern und sich im wachsenden Marktumfeld als Thought Leader zu etablieren.\" \/>\n<meta name=\"robots\" content=\"noindex, follow, max-snippet:-1, max-image-preview:large, max-video-preview:-1\" \/>\n<meta property=\"og:locale\" content=\"en_US\" \/>\n<meta property=\"og:type\" content=\"article\" \/>\n<meta property=\"og:title\" content=\"Energy\" \/>\n<meta property=\"og:description\" content=\"PL\u00dcCOM unterst\u00fctzt Sie dabei, die Herausforderungen der Energiewende zu meistern und sich im wachsenden Marktumfeld als Thought Leader zu etablieren.\" \/>\n<meta property=\"og:url\" content=\"https:\/\/pluecom.de\/en\/industries\/energy\/\" \/>\n<meta property=\"og:site_name\" content=\"PL\u00dcCOM\" \/>\n<meta property=\"article:modified_time\" content=\"2022-07-13T14:25:29+00:00\" \/>\n<meta name=\"twitter:label1\" content=\"Est. reading time\" \/>\n\t<meta name=\"twitter:data1\" content=\"3 minutes\" \/>\n<script type=\"application\/ld+json\" class=\"yoast-schema-graph\">{\"@context\":\"https:\/\/schema.org\",\"@graph\":[{\"@type\":\"WebPage\",\"@id\":\"https:\/\/pluecom.de\/en\/industries\/energy\/\",\"url\":\"https:\/\/pluecom.de\/en\/industries\/energy\/\",\"name\":\"Energy &#8211; PL\u00dcCOM\",\"isPartOf\":{\"@id\":\"https:\/\/pluecom.de\/#website\"},\"datePublished\":\"2019-07-10T19:30:41+00:00\",\"dateModified\":\"2022-07-13T14:25:29+00:00\",\"description\":\"PL\u00dcCOM unterst\u00fctzt Sie dabei, die Herausforderungen der Energiewende zu meistern und sich im wachsenden Marktumfeld als Thought Leader zu etablieren.\",\"breadcrumb\":{\"@id\":\"https:\/\/pluecom.de\/en\/industries\/energy\/#breadcrumb\"},\"inLanguage\":\"en-US\",\"potentialAction\":[{\"@type\":\"ReadAction\",\"target\":[\"https:\/\/pluecom.de\/en\/industries\/energy\/\"]}]},{\"@type\":\"BreadcrumbList\",\"@id\":\"https:\/\/pluecom.de\/en\/industries\/energy\/#breadcrumb\",\"itemListElement\":[{\"@type\":\"ListItem\",\"position\":1,\"name\":\"Startseite\",\"item\":\"https:\/\/pluecom.de\/en\/\"},{\"@type\":\"ListItem\",\"position\":2,\"name\":\"Industries\",\"item\":\"https:\/\/pluecom.de\/en\/industries\/\"},{\"@type\":\"ListItem\",\"position\":3,\"name\":\"Energy\"}]},{\"@type\":\"WebSite\",\"@id\":\"https:\/\/pluecom.de\/#website\",\"url\":\"https:\/\/pluecom.de\/\",\"name\":\"PL\u00dcCOM\",\"description\":\"Agentur f\u00fcr B2B-Kommunikation in den Bereichen IT, Tech und Energie\",\"potentialAction\":[{\"@type\":\"SearchAction\",\"target\":{\"@type\":\"EntryPoint\",\"urlTemplate\":\"https:\/\/pluecom.de\/?s={search_term_string}\"},\"query-input\":{\"@type\":\"PropertyValueSpecification\",\"valueRequired\":true,\"valueName\":\"search_term_string\"}}],\"inLanguage\":\"en-US\"}]}<\/script>\n<!-- \/ Yoast SEO Premium plugin. -->","yoast_head_json":{"title":"Energy &#8211; PL\u00dcCOM","description":"PL\u00dcCOM unterst\u00fctzt Sie dabei, die Herausforderungen der Energiewende zu meistern und sich im wachsenden Marktumfeld als Thought Leader zu etablieren.","robots":{"index":"noindex","follow":"follow","max-snippet":"max-snippet:-1","max-image-preview":"max-image-preview:large","max-video-preview":"max-video-preview:-1"},"og_locale":"en_US","og_type":"article","og_title":"Energy","og_description":"PL\u00dcCOM unterst\u00fctzt Sie dabei, die Herausforderungen der Energiewende zu meistern und sich im wachsenden Marktumfeld als Thought Leader zu etablieren.","og_url":"https:\/\/pluecom.de\/en\/industries\/energy\/","og_site_name":"PL\u00dcCOM","article_modified_time":"2022-07-13T14:25:29+00:00","twitter_misc":{"Est. reading time":"3 minutes"},"schema":{"@context":"https:\/\/schema.org","@graph":[{"@type":"WebPage","@id":"https:\/\/pluecom.de\/en\/industries\/energy\/","url":"https:\/\/pluecom.de\/en\/industries\/energy\/","name":"Energy &#8211; PL\u00dcCOM","isPartOf":{"@id":"https:\/\/pluecom.de\/#website"},"datePublished":"2019-07-10T19:30:41+00:00","dateModified":"2022-07-13T14:25:29+00:00","description":"PL\u00dcCOM unterst\u00fctzt Sie dabei, die Herausforderungen der Energiewende zu meistern und sich im wachsenden Marktumfeld als Thought Leader zu etablieren.","breadcrumb":{"@id":"https:\/\/pluecom.de\/en\/industries\/energy\/#breadcrumb"},"inLanguage":"en-US","potentialAction":[{"@type":"ReadAction","target":["https:\/\/pluecom.de\/en\/industries\/energy\/"]}]},{"@type":"BreadcrumbList","@id":"https:\/\/pluecom.de\/en\/industries\/energy\/#breadcrumb","itemListElement":[{"@type":"ListItem","position":1,"name":"Startseite","item":"https:\/\/pluecom.de\/en\/"},{"@type":"ListItem","position":2,"name":"Industries","item":"https:\/\/pluecom.de\/en\/industries\/"},{"@type":"ListItem","position":3,"name":"Energy"}]},{"@type":"WebSite","@id":"https:\/\/pluecom.de\/#website","url":"https:\/\/pluecom.de\/","name":"PL\u00dcCOM","description":"Agentur f\u00fcr B2B-Kommunikation in den Bereichen IT, Tech und Energie","potentialAction":[{"@type":"SearchAction","target":{"@type":"EntryPoint","urlTemplate":"https:\/\/pluecom.de\/?s={search_term_string}"},"query-input":{"@type":"PropertyValueSpecification","valueRequired":true,"valueName":"search_term_string"}}],"inLanguage":"en-US"}]}},"_links":{"self":[{"href":"https:\/\/pluecom.de\/en\/wp-json\/wp\/v2\/pages\/2785","targetHints":{"allow":["GET"]}}],"collection":[{"href":"https:\/\/pluecom.de\/en\/wp-json\/wp\/v2\/pages"}],"about":[{"href":"https:\/\/pluecom.de\/en\/wp-json\/wp\/v2\/types\/page"}],"author":[{"embeddable":true,"href":"https:\/\/pluecom.de\/en\/wp-json\/wp\/v2\/users\/6"}],"replies":[{"embeddable":true,"href":"https:\/\/pluecom.de\/en\/wp-json\/wp\/v2\/comments?post=2785"}],"version-history":[{"count":0,"href":"https:\/\/pluecom.de\/en\/wp-json\/wp\/v2\/pages\/2785\/revisions"}],"up":[{"embeddable":true,"href":"https:\/\/pluecom.de\/en\/wp-json\/wp\/v2\/pages\/2776"}],"wp:attachment":[{"href":"https:\/\/pluecom.de\/en\/wp-json\/wp\/v2\/media?parent=2785"}],"curies":[{"name":"wp","href":"https:\/\/api.w.org\/{rel}","templated":true}]}}