{"id":2778,"date":"2019-07-10T21:29:54","date_gmt":"2019-07-10T19:29:54","guid":{"rendered":"https:\/\/pluecom.de\/branchen\/technologie-engineering\/"},"modified":"2022-07-13T16:20:43","modified_gmt":"2022-07-13T14:20:43","slug":"technology-engineering","status":"publish","type":"page","link":"https:\/\/pluecom.de\/en\/industries\/technology-engineering\/","title":{"rendered":"Technology and Engineering"},"content":{"rendered":"<div class=\"wpb-content-wrapper\"><p>[vc_row full_width=&#8221;stretch_row&#8221; full_height=&#8221;yes&#8221; columns_placement=&#8221;bottom&#8221; content_placement=&#8221;bottom&#8221; css=&#8221;.vc_custom_1657722041054{background-image: url(https:\/\/pluecom.de\/wp-content\/uploads\/2019\/10\/Technologie-und-Engineering.jpg?id=2546) !important;background-position: center !important;background-repeat: no-repeat !important;background-size: cover !important;}&#8221;][vc_column offset=&#8221;vc_hidden-md vc_hidden-sm vc_hidden-xs&#8221;][vc_column_text css=&#8221;.vc_custom_1585645119450{margin-bottom: -40px !important;}&#8221;]<\/p>\n<h1>Technology &amp; Engineering<\/h1>\n<p>[\/vc_column_text][vc_column_text]<\/p>\n<h2><\/h2>\n<h2><strong>Communication between man and machine fosters progress. Communication from person to person sparks market shares.<\/strong><\/h2>\n<p>[\/vc_column_text][\/vc_column][vc_column offset=&#8221;vc_hidden-lg vc_hidden-xs&#8221;][vc_column_text css=&#8221;.vc_custom_1585645135219{margin-top: -10px !important;}&#8221;]<\/p>\n<h1>Technology &amp; Engineering<\/h1>\n<p>[\/vc_column_text][vc_column_text css=&#8221;.vc_custom_1586955709614{margin-bottom: 50px !important;}&#8221;]<\/p>\n<h2><\/h2>\n<h2><strong>Communication between man and machine fosters progress. Communication from person to person sparks market shares.<\/strong><\/h2>\n<p>[\/vc_column_text][\/vc_column][vc_column offset=&#8221;vc_hidden-lg vc_hidden-md vc_hidden-sm&#8221;][vc_column_text]<\/p>\n<h1>Technology &amp; Engineering<\/h1>\n<p>[\/vc_column_text][vc_column_text css=&#8221;.vc_custom_1586955717135{margin-top: -10px !important;}&#8221;]<\/p>\n<h2><\/h2>\n<h2><strong>Communication between man and machine fosters progress. Communication from person to person sparks market shares.<\/strong><\/h2>\n<p>[\/vc_column_text][\/vc_column][\/vc_row][vc_row][vc_column offset=&#8221;vc_hidden-sm&#8221;][vc_column_text]<\/p>\n<h3><strong>Delivering added value<\/strong><\/h3>\n<p>Digital change is changing how we work and live at a rapid pace. Domestic companies are competing internationally for technological leadership. Those who stay on familiar paths in the process are in danger of quickly being overtaken. Digitisation as a central driving mechanism causes changes in all stages of the value chain.<\/p>\n<p>The market shares of the future belong to those who know how to bring the added value of their innovations to the market and distinguish themselves as competence leaders. Strategic communication is of crucial importance.<\/p>\n<h3><strong>Engineers Understanding<\/strong><\/h3>\n<p>We have many years of experience in working with engineers and experts from various fields to place complex issues in a public and targeted manner.<\/p>\n<p>By developing sales-supporting concepts we attract the attention and demand of your potential customers over the course of the entire investment cycle.[\/vc_column_text][\/vc_column][\/vc_row][vc_row][vc_column offset=&#8221;vc_hidden-lg vc_hidden-md vc_hidden-xs&#8221;][vc_column_text]<\/p>\n<h3><strong>Delivering added value<\/strong><\/h3>\n<p>Digital change is changing how we work and live at a rapid pace. Domestic companies are competing internationally for technological leadership. Those who stay on familiar paths in the process are in danger of quickly being overtaken. Digitisation as a central driving mechanism causes changes in all stages of the value chain.<\/p>\n<p>The market shares of the future belong to those who know how to bring the added value of their innovations to the market and distinguish themselves as competence leaders. Strategic communication is of crucial importance.<\/p>\n<p><strong>\u00a0<\/strong><\/p>\n<h3><strong>Engineers Understanding<\/strong><\/h3>\n<p>We have many years of experience in working with engineers and experts from various fields to place complex issues in a public and targeted manner.<\/p>\n<p>By developing sales-supporting concepts we attract the attention and demand of your potential customers over the course of the entire investment cycle.[\/vc_column_text][\/vc_column][\/vc_row]<\/p>\n<\/div>","protected":false},"excerpt":{"rendered":"<p>[vc_row full_width=&#8221;stretch_row&#8221; full_height=&#8221;yes&#8221; columns_placement=&#8221;bottom&#8221; content_placement=&#8221;bottom&#8221; css=&#8221;.vc_custom_1657722041054{background-image: url(https:\/\/pluecom.de\/wp-content\/uploads\/2019\/10\/Technologie-und-Engineering.jpg?id=2546) !important;background-position: center !important;background-repeat: no-repeat !important;background-size: cover !important;}&#8221;][vc_column offset=&#8221;vc_hidden-md vc_hidden-sm vc_hidden-xs&#8221;][vc_column_text css=&#8221;.vc_custom_1585645119450{margin-bottom: -40px !important;}&#8221;]&#8230;<\/p>\n","protected":false},"author":6,"featured_media":0,"parent":2776,"menu_order":0,"comment_status":"closed","ping_status":"closed","template":"","meta":{"footnotes":"","_links_to":"","_links_to_target":""},"class_list":["post-2778","page","type-page","status-publish"],"yoast_head":"<!-- This site is optimized with the Yoast SEO Premium plugin v23.6 (Yoast SEO v27.1.1) - https:\/\/yoast.com\/product\/yoast-seo-premium-wordpress\/ -->\n<title>Technology and Engineering &#8211; PL\u00dcCOM<\/title>\n<meta name=\"description\" content=\"Wir entwickeln vetriebsunterst\u00fctzende Kommunikationskonzepte, die Ihr Unternehmen im digitalen Wandel als Marktf\u00fchrer etablieren.\" \/>\n<meta name=\"robots\" content=\"noindex, follow, max-snippet:-1, max-image-preview:large, max-video-preview:-1\" \/>\n<meta property=\"og:locale\" content=\"en_US\" \/>\n<meta property=\"og:type\" content=\"article\" \/>\n<meta property=\"og:title\" content=\"Technology and Engineering\" \/>\n<meta property=\"og:description\" content=\"Wir entwickeln vetriebsunterst\u00fctzende Kommunikationskonzepte, die Ihr Unternehmen im digitalen Wandel als Marktf\u00fchrer etablieren.\" \/>\n<meta property=\"og:url\" content=\"https:\/\/pluecom.de\/en\/industries\/technology-engineering\/\" \/>\n<meta property=\"og:site_name\" content=\"PL\u00dcCOM\" \/>\n<meta property=\"article:modified_time\" content=\"2022-07-13T14:20:43+00:00\" \/>\n<meta name=\"twitter:label1\" content=\"Est. reading time\" \/>\n\t<meta name=\"twitter:data1\" content=\"3 minutes\" \/>\n<script type=\"application\/ld+json\" class=\"yoast-schema-graph\">{\"@context\":\"https:\/\/schema.org\",\"@graph\":[{\"@type\":\"WebPage\",\"@id\":\"https:\/\/pluecom.de\/en\/industries\/technology-engineering\/\",\"url\":\"https:\/\/pluecom.de\/en\/industries\/technology-engineering\/\",\"name\":\"Technology and Engineering &#8211; PL\u00dcCOM\",\"isPartOf\":{\"@id\":\"https:\/\/pluecom.de\/#website\"},\"datePublished\":\"2019-07-10T19:29:54+00:00\",\"dateModified\":\"2022-07-13T14:20:43+00:00\",\"description\":\"Wir entwickeln vetriebsunterst\u00fctzende Kommunikationskonzepte, die Ihr Unternehmen im digitalen Wandel als Marktf\u00fchrer etablieren.\",\"breadcrumb\":{\"@id\":\"https:\/\/pluecom.de\/en\/industries\/technology-engineering\/#breadcrumb\"},\"inLanguage\":\"en-US\",\"potentialAction\":[{\"@type\":\"ReadAction\",\"target\":[\"https:\/\/pluecom.de\/en\/industries\/technology-engineering\/\"]}]},{\"@type\":\"BreadcrumbList\",\"@id\":\"https:\/\/pluecom.de\/en\/industries\/technology-engineering\/#breadcrumb\",\"itemListElement\":[{\"@type\":\"ListItem\",\"position\":1,\"name\":\"Startseite\",\"item\":\"https:\/\/pluecom.de\/en\/\"},{\"@type\":\"ListItem\",\"position\":2,\"name\":\"Industries\",\"item\":\"https:\/\/pluecom.de\/en\/industries\/\"},{\"@type\":\"ListItem\",\"position\":3,\"name\":\"Technology and Engineering\"}]},{\"@type\":\"WebSite\",\"@id\":\"https:\/\/pluecom.de\/#website\",\"url\":\"https:\/\/pluecom.de\/\",\"name\":\"PL\u00dcCOM\",\"description\":\"Agentur f\u00fcr B2B-Kommunikation in den Bereichen IT, Tech und Energie\",\"potentialAction\":[{\"@type\":\"SearchAction\",\"target\":{\"@type\":\"EntryPoint\",\"urlTemplate\":\"https:\/\/pluecom.de\/?s={search_term_string}\"},\"query-input\":{\"@type\":\"PropertyValueSpecification\",\"valueRequired\":true,\"valueName\":\"search_term_string\"}}],\"inLanguage\":\"en-US\"}]}<\/script>\n<!-- \/ Yoast SEO Premium plugin. -->","yoast_head_json":{"title":"Technology and Engineering &#8211; PL\u00dcCOM","description":"Wir entwickeln vetriebsunterst\u00fctzende Kommunikationskonzepte, die Ihr Unternehmen im digitalen Wandel als Marktf\u00fchrer etablieren.","robots":{"index":"noindex","follow":"follow","max-snippet":"max-snippet:-1","max-image-preview":"max-image-preview:large","max-video-preview":"max-video-preview:-1"},"og_locale":"en_US","og_type":"article","og_title":"Technology and Engineering","og_description":"Wir entwickeln vetriebsunterst\u00fctzende Kommunikationskonzepte, die Ihr Unternehmen im digitalen Wandel als Marktf\u00fchrer etablieren.","og_url":"https:\/\/pluecom.de\/en\/industries\/technology-engineering\/","og_site_name":"PL\u00dcCOM","article_modified_time":"2022-07-13T14:20:43+00:00","twitter_misc":{"Est. reading time":"3 minutes"},"schema":{"@context":"https:\/\/schema.org","@graph":[{"@type":"WebPage","@id":"https:\/\/pluecom.de\/en\/industries\/technology-engineering\/","url":"https:\/\/pluecom.de\/en\/industries\/technology-engineering\/","name":"Technology and Engineering &#8211; PL\u00dcCOM","isPartOf":{"@id":"https:\/\/pluecom.de\/#website"},"datePublished":"2019-07-10T19:29:54+00:00","dateModified":"2022-07-13T14:20:43+00:00","description":"Wir entwickeln vetriebsunterst\u00fctzende Kommunikationskonzepte, die Ihr Unternehmen im digitalen Wandel als Marktf\u00fchrer etablieren.","breadcrumb":{"@id":"https:\/\/pluecom.de\/en\/industries\/technology-engineering\/#breadcrumb"},"inLanguage":"en-US","potentialAction":[{"@type":"ReadAction","target":["https:\/\/pluecom.de\/en\/industries\/technology-engineering\/"]}]},{"@type":"BreadcrumbList","@id":"https:\/\/pluecom.de\/en\/industries\/technology-engineering\/#breadcrumb","itemListElement":[{"@type":"ListItem","position":1,"name":"Startseite","item":"https:\/\/pluecom.de\/en\/"},{"@type":"ListItem","position":2,"name":"Industries","item":"https:\/\/pluecom.de\/en\/industries\/"},{"@type":"ListItem","position":3,"name":"Technology and Engineering"}]},{"@type":"WebSite","@id":"https:\/\/pluecom.de\/#website","url":"https:\/\/pluecom.de\/","name":"PL\u00dcCOM","description":"Agentur f\u00fcr B2B-Kommunikation in den Bereichen IT, Tech und Energie","potentialAction":[{"@type":"SearchAction","target":{"@type":"EntryPoint","urlTemplate":"https:\/\/pluecom.de\/?s={search_term_string}"},"query-input":{"@type":"PropertyValueSpecification","valueRequired":true,"valueName":"search_term_string"}}],"inLanguage":"en-US"}]}},"_links":{"self":[{"href":"https:\/\/pluecom.de\/en\/wp-json\/wp\/v2\/pages\/2778","targetHints":{"allow":["GET"]}}],"collection":[{"href":"https:\/\/pluecom.de\/en\/wp-json\/wp\/v2\/pages"}],"about":[{"href":"https:\/\/pluecom.de\/en\/wp-json\/wp\/v2\/types\/page"}],"author":[{"embeddable":true,"href":"https:\/\/pluecom.de\/en\/wp-json\/wp\/v2\/users\/6"}],"replies":[{"embeddable":true,"href":"https:\/\/pluecom.de\/en\/wp-json\/wp\/v2\/comments?post=2778"}],"version-history":[{"count":0,"href":"https:\/\/pluecom.de\/en\/wp-json\/wp\/v2\/pages\/2778\/revisions"}],"up":[{"embeddable":true,"href":"https:\/\/pluecom.de\/en\/wp-json\/wp\/v2\/pages\/2776"}],"wp:attachment":[{"href":"https:\/\/pluecom.de\/en\/wp-json\/wp\/v2\/media?parent=2778"}],"curies":[{"name":"wp","href":"https:\/\/api.w.org\/{rel}","templated":true}]}}